
{"id":4,"date":"2007-08-20T12:53:11","date_gmt":"2007-08-20T10:53:11","guid":{"rendered":"http:\/\/www.comicbox.com\/?page_id=4"},"modified":"2017-03-30T22:45:44","modified_gmt":"2017-03-30T20:45:44","slug":"us-nous","status":"publish","type":"page","link":"http:\/\/www.comicbox.com\/index.php\/us-nous\/","title":{"rendered":"A propos de Comic Box"},"content":{"rendered":"<p><img data-recalc-dims=\"1\" loading=\"lazy\" decoding=\"async\" data-attachment-id=\"52632\" data-permalink=\"http:\/\/www.comicbox.com\/index.php\/us-nous\/attachment\/logocb2015\/\" data-orig-file=\"https:\/\/i0.wp.com\/www.comicbox.com\/wp-content\/uploads\/2016\/08\/LOGOCB2015.png?fit=567%2C142\" data-orig-size=\"567,142\" data-comments-opened=\"1\" data-image-meta=\"{&quot;aperture&quot;:&quot;0&quot;,&quot;credit&quot;:&quot;&quot;,&quot;camera&quot;:&quot;&quot;,&quot;caption&quot;:&quot;&quot;,&quot;created_timestamp&quot;:&quot;0&quot;,&quot;copyright&quot;:&quot;&quot;,&quot;focal_length&quot;:&quot;0&quot;,&quot;iso&quot;:&quot;0&quot;,&quot;shutter_speed&quot;:&quot;0&quot;,&quot;title&quot;:&quot;&quot;,&quot;orientation&quot;:&quot;0&quot;}\" data-image-title=\"Comic Box\" data-image-description=\"\" data-image-caption=\"\" data-large-file=\"https:\/\/i0.wp.com\/www.comicbox.com\/wp-content\/uploads\/2016\/08\/LOGOCB2015.png?fit=567%2C142\" class=\"aligncenter size-full wp-image-52632\" src=\"https:\/\/i0.wp.com\/www.comicbox.com\/wp-content\/uploads\/2016\/08\/LOGOCB2015.png?resize=567%2C142\" alt=\"Comic Box\" width=\"567\" height=\"142\" srcset=\"https:\/\/i0.wp.com\/www.comicbox.com\/wp-content\/uploads\/2016\/08\/LOGOCB2015.png?w=567 567w, https:\/\/i0.wp.com\/www.comicbox.com\/wp-content\/uploads\/2016\/08\/LOGOCB2015.png?resize=150%2C38 150w, https:\/\/i0.wp.com\/www.comicbox.com\/wp-content\/uploads\/2016\/08\/LOGOCB2015.png?resize=400%2C100 400w\" sizes=\"auto, (max-width: 567px) 100vw, 567px\" \/><\/p>\n[aesop_content color=\u00a0\u00bb#000000&Prime; background=\u00a0\u00bb#dce886&Prime; columns=\u00a0\u00bb2&Prime; position=\u00a0\u00bbnone\u00a0\u00bb imgrepeat=\u00a0\u00bbno-repeat\u00a0\u00bb floaterposition=\u00a0\u00bbleft\u00a0\u00bb floaterdirection=\u00a0\u00bbup\u00a0\u00bb]\n<p style=\"text-align: justify;\"><strong><img data-recalc-dims=\"1\" loading=\"lazy\" decoding=\"async\" data-attachment-id=\"52354\" data-permalink=\"http:\/\/www.comicbox.com\/index.php\/news\/preview-comic-box-101\/attachment\/cb101b\/\" data-orig-file=\"https:\/\/i0.wp.com\/www.comicbox.com\/wp-content\/uploads\/2016\/06\/CB101b.jpg?fit=705%2C954\" data-orig-size=\"705,954\" data-comments-opened=\"1\" data-image-meta=\"{&quot;aperture&quot;:&quot;0&quot;,&quot;credit&quot;:&quot;&quot;,&quot;camera&quot;:&quot;&quot;,&quot;caption&quot;:&quot;&quot;,&quot;created_timestamp&quot;:&quot;0&quot;,&quot;copyright&quot;:&quot;&quot;,&quot;focal_length&quot;:&quot;0&quot;,&quot;iso&quot;:&quot;0&quot;,&quot;shutter_speed&quot;:&quot;0&quot;,&quot;title&quot;:&quot;&quot;,&quot;orientation&quot;:&quot;1&quot;}\" data-image-title=\"COMIC BOX #101\" data-image-description=\"\" data-image-caption=\"\" data-large-file=\"https:\/\/i0.wp.com\/www.comicbox.com\/wp-content\/uploads\/2016\/06\/CB101b.jpg?fit=705%2C954\" class=\"size-medium wp-image-52354 alignleft\" src=\"https:\/\/i0.wp.com\/www.comicbox.com\/wp-content\/uploads\/2016\/06\/CB101b.jpg?resize=111%2C150\" alt=\"COMIC BOX #101\" width=\"111\" height=\"150\" srcset=\"https:\/\/i0.wp.com\/www.comicbox.com\/wp-content\/uploads\/2016\/06\/CB101b.jpg?resize=111%2C150 111w, https:\/\/i0.wp.com\/www.comicbox.com\/wp-content\/uploads\/2016\/06\/CB101b.jpg?resize=400%2C541 400w, https:\/\/i0.wp.com\/www.comicbox.com\/wp-content\/uploads\/2016\/06\/CB101b.jpg?w=705 705w\" sizes=\"auto, (max-width: 111px) 100vw, 111px\" \/>Qu&rsquo;est-ce que c&rsquo;est Comic Box ? <\/strong><br \/>\n<strong>Comic Box<\/strong> est le premier magazine professionnel fran\u00e7ais consacr\u00e9 aux COMICS. <strong>Cr\u00e9\u00e9 en 1998<\/strong>, il a \u00e9t\u00e9 pr\u00e9sent dans les kiosques fran\u00e7ais (et dans certains cas dans d&rsquo;autres pays francophones), en mensuel, jusqu&rsquo;\u00e0 l&rsquo;\u00e9t\u00e9 2001. A cette date, sa parution a cess\u00e9 quelques mois pour la reprendre en 2002 sous la forme non plus d&rsquo;un magazine mais d&rsquo;un livre, publi\u00e9 annuellement par les<strong> Editions USA<\/strong>. Trois livres ont \u00e9t\u00e9 publi\u00e9s (2002-2004). En&nbsp;2005, <strong>Comic Box<\/strong> est revenu en kiosques sous format bimestriel sous la houlette de ses fondateurs, en partenariat avec diff\u00e9rents \u00e9diteurs \u00e0 partir de cette date. Le magazine a pass\u00e9 son centi\u00e8me num\u00e9ro au printemps 2016.<\/p>\n<p style=\"text-align: justify;\">D\u00e8s 1998, <strong>Comic Box<\/strong> a maintenu une pr\u00e9sence sur internet, via <strong>www.comicbox.com<\/strong> qui, en 2007, a \u00e9t\u00e9 r\u00e9organis\u00e9 pour proposer de mani\u00e8re quotidiennes des chroniques, des articles sur les nouvelles sorties, des reportages en cas de festivals d\u00e9di\u00e9s aux comics et bien d&rsquo;autres choses.<\/p>\n<p style=\"text-align: justify;\"><strong><img data-recalc-dims=\"1\" loading=\"lazy\" decoding=\"async\" data-attachment-id=\"37059\" data-permalink=\"http:\/\/www.comicbox.com\/index.php\/news\/preview-comic-box-78\/attachment\/comic78b\/\" data-orig-file=\"https:\/\/i0.wp.com\/www.comicbox.com\/wp-content\/uploads\/2012\/08\/Comic78b.jpg?fit=710%2C968\" data-orig-size=\"710,968\" data-comments-opened=\"1\" data-image-meta=\"{&quot;aperture&quot;:&quot;0&quot;,&quot;credit&quot;:&quot;&quot;,&quot;camera&quot;:&quot;&quot;,&quot;caption&quot;:&quot;&quot;,&quot;created_timestamp&quot;:&quot;0&quot;,&quot;copyright&quot;:&quot;&quot;,&quot;focal_length&quot;:&quot;0&quot;,&quot;iso&quot;:&quot;0&quot;,&quot;shutter_speed&quot;:&quot;0&quot;,&quot;title&quot;:&quot;&quot;}\" data-image-title=\"Comic Box #78\" data-image-description=\"\" data-image-caption=\"\" data-large-file=\"https:\/\/i0.wp.com\/www.comicbox.com\/wp-content\/uploads\/2012\/08\/Comic78b.jpg?fit=710%2C968\" class=\"alignright size-medium wp-image-37059\" src=\"https:\/\/i0.wp.com\/www.comicbox.com\/wp-content\/uploads\/2012\/08\/Comic78b.jpg?resize=110%2C150\" alt=\"Comic Box #78\" width=\"110\" height=\"150\" srcset=\"https:\/\/i0.wp.com\/www.comicbox.com\/wp-content\/uploads\/2012\/08\/Comic78b.jpg?resize=110%2C150 110w, https:\/\/i0.wp.com\/www.comicbox.com\/wp-content\/uploads\/2012\/08\/Comic78b.jpg?w=710 710w\" sizes=\"auto, (max-width: 110px) 100vw, 110px\" \/>Le magazine a cess\u00e9 d&rsquo;op\u00e9r\u00e9r d\u00e9but 2017.<\/strong><\/p>\n[\/aesop_content]&nbsp;<\/p>\n\n","protected":false},"excerpt":{"rendered":"<p>[aesop_content color=\u00a0\u00bb#000000&Prime; background=\u00a0\u00bb#dce886&Prime; columns=\u00a0\u00bb2&Prime; position=\u00a0\u00bbnone\u00a0\u00bb imgrepeat=\u00a0\u00bbno-repeat\u00a0\u00bb floaterposition=\u00a0\u00bbleft\u00a0\u00bb floaterdirection=\u00a0\u00bbup\u00a0\u00bb] Qu&rsquo;est-ce que c&rsquo;est Comic Box ? Comic Box est le premier magazine&hellip;<\/p>\n","protected":false},"author":1,"featured_media":0,"parent":0,"menu_order":0,"comment_status":"closed","ping_status":"closed","template":"","meta":{"jetpack_post_was_ever_published":false,"footnotes":""},"class_list":["post-4","page","type-page","status-publish","hentry"],"yoast_head":"<!-- This site is optimized with the Yoast SEO plugin v24.9 - https:\/\/yoast.com\/wordpress\/plugins\/seo\/ -->\n<title>A propos de Comic Box<\/title>\n<meta name=\"robots\" content=\"index, follow, max-snippet:-1, max-image-preview:large, max-video-preview:-1\" \/>\n<link rel=\"canonical\" href=\"https:\/\/www.comicbox.com\/index.php\/us-nous\/\" \/>\n<meta property=\"og:locale\" content=\"fr_FR\" \/>\n<meta property=\"og:type\" content=\"article\" \/>\n<meta property=\"og:title\" content=\"A propos de Comic Box\" \/>\n<meta property=\"og:description\" content=\"[aesop_content color=\u00a0\u00bb#000000&Prime; background=\u00a0\u00bb#dce886&Prime; columns=\u00a0\u00bb2&Prime; position=\u00a0\u00bbnone\u00a0\u00bb imgrepeat=\u00a0\u00bbno-repeat\u00a0\u00bb floaterposition=\u00a0\u00bbleft\u00a0\u00bb floaterdirection=\u00a0\u00bbup\u00a0\u00bb] Qu&rsquo;est-ce que c&rsquo;est Comic Box ? Comic Box est le premier magazine&hellip;\" \/>\n<meta property=\"og:url\" content=\"https:\/\/www.comicbox.com\/index.php\/us-nous\/\" \/>\n<meta property=\"article:modified_time\" content=\"2017-03-30T20:45:44+00:00\" \/>\n<meta property=\"og:image\" content=\"http:\/\/www.comicbox.com\/wp-content\/uploads\/2016\/08\/LOGOCB2015.png\" \/>\n<meta name=\"twitter:card\" content=\"summary_large_image\" \/>\n<meta name=\"twitter:label1\" content=\"Dur\u00e9e de lecture estim\u00e9e\" \/>\n\t<meta name=\"twitter:data1\" content=\"1 minute\" \/>\n<script type=\"application\/ld+json\" class=\"yoast-schema-graph\">{\"@context\":\"https:\/\/schema.org\",\"@graph\":[{\"@type\":[\"WebPage\",\"CollectionPage\"],\"@id\":\"https:\/\/www.comicbox.com\/index.php\/us-nous\/\",\"url\":\"https:\/\/www.comicbox.com\/index.php\/us-nous\/\",\"name\":\"A propos de Comic Box\",\"isPartOf\":{\"@id\":\"http:\/\/www.comicbox.com\/#website\"},\"primaryImageOfPage\":{\"@id\":\"https:\/\/www.comicbox.com\/index.php\/us-nous\/#primaryimage\"},\"image\":{\"@id\":\"https:\/\/www.comicbox.com\/index.php\/us-nous\/#primaryimage\"},\"thumbnailUrl\":\"http:\/\/www.comicbox.com\/wp-content\/uploads\/2016\/08\/LOGOCB2015.png\",\"datePublished\":\"2007-08-20T10:53:11+00:00\",\"dateModified\":\"2017-03-30T20:45:44+00:00\",\"breadcrumb\":{\"@id\":\"https:\/\/www.comicbox.com\/index.php\/us-nous\/#breadcrumb\"},\"inLanguage\":\"fr-FR\"},{\"@type\":\"ImageObject\",\"inLanguage\":\"fr-FR\",\"@id\":\"https:\/\/www.comicbox.com\/index.php\/us-nous\/#primaryimage\",\"url\":\"https:\/\/i0.wp.com\/www.comicbox.com\/wp-content\/uploads\/2016\/08\/LOGOCB2015.png?fit=567%2C142\",\"contentUrl\":\"https:\/\/i0.wp.com\/www.comicbox.com\/wp-content\/uploads\/2016\/08\/LOGOCB2015.png?fit=567%2C142\",\"width\":567,\"height\":142},{\"@type\":\"BreadcrumbList\",\"@id\":\"https:\/\/www.comicbox.com\/index.php\/us-nous\/#breadcrumb\",\"itemListElement\":[{\"@type\":\"ListItem\",\"position\":1,\"name\":\"Accueil\",\"item\":\"http:\/\/www.comicbox.com\/\"},{\"@type\":\"ListItem\",\"position\":2,\"name\":\"A propos de Comic Box\"}]},{\"@type\":\"WebSite\",\"@id\":\"http:\/\/www.comicbox.com\/#website\",\"url\":\"http:\/\/www.comicbox.com\/\",\"name\":\"\",\"description\":\"le magazine des cultures comics\",\"potentialAction\":[{\"@type\":\"SearchAction\",\"target\":{\"@type\":\"EntryPoint\",\"urlTemplate\":\"http:\/\/www.comicbox.com\/?s={search_term_string}\"},\"query-input\":{\"@type\":\"PropertyValueSpecification\",\"valueRequired\":true,\"valueName\":\"search_term_string\"}}],\"inLanguage\":\"fr-FR\"}]}<\/script>\n<!-- \/ Yoast SEO plugin. -->","yoast_head_json":{"title":"A propos de Comic Box","robots":{"index":"index","follow":"follow","max-snippet":"max-snippet:-1","max-image-preview":"max-image-preview:large","max-video-preview":"max-video-preview:-1"},"canonical":"https:\/\/www.comicbox.com\/index.php\/us-nous\/","og_locale":"fr_FR","og_type":"article","og_title":"A propos de Comic Box","og_description":"[aesop_content color=\u00a0\u00bb#000000&Prime; background=\u00a0\u00bb#dce886&Prime; columns=\u00a0\u00bb2&Prime; position=\u00a0\u00bbnone\u00a0\u00bb imgrepeat=\u00a0\u00bbno-repeat\u00a0\u00bb floaterposition=\u00a0\u00bbleft\u00a0\u00bb floaterdirection=\u00a0\u00bbup\u00a0\u00bb] Qu&rsquo;est-ce que c&rsquo;est Comic Box ? Comic Box est le premier magazine&hellip;","og_url":"https:\/\/www.comicbox.com\/index.php\/us-nous\/","article_modified_time":"2017-03-30T20:45:44+00:00","og_image":[{"url":"http:\/\/www.comicbox.com\/wp-content\/uploads\/2016\/08\/LOGOCB2015.png","type":"","width":"","height":""}],"twitter_card":"summary_large_image","twitter_misc":{"Dur\u00e9e de lecture estim\u00e9e":"1 minute"},"schema":{"@context":"https:\/\/schema.org","@graph":[{"@type":["WebPage","CollectionPage"],"@id":"https:\/\/www.comicbox.com\/index.php\/us-nous\/","url":"https:\/\/www.comicbox.com\/index.php\/us-nous\/","name":"A propos de Comic Box","isPartOf":{"@id":"http:\/\/www.comicbox.com\/#website"},"primaryImageOfPage":{"@id":"https:\/\/www.comicbox.com\/index.php\/us-nous\/#primaryimage"},"image":{"@id":"https:\/\/www.comicbox.com\/index.php\/us-nous\/#primaryimage"},"thumbnailUrl":"http:\/\/www.comicbox.com\/wp-content\/uploads\/2016\/08\/LOGOCB2015.png","datePublished":"2007-08-20T10:53:11+00:00","dateModified":"2017-03-30T20:45:44+00:00","breadcrumb":{"@id":"https:\/\/www.comicbox.com\/index.php\/us-nous\/#breadcrumb"},"inLanguage":"fr-FR"},{"@type":"ImageObject","inLanguage":"fr-FR","@id":"https:\/\/www.comicbox.com\/index.php\/us-nous\/#primaryimage","url":"https:\/\/i0.wp.com\/www.comicbox.com\/wp-content\/uploads\/2016\/08\/LOGOCB2015.png?fit=567%2C142","contentUrl":"https:\/\/i0.wp.com\/www.comicbox.com\/wp-content\/uploads\/2016\/08\/LOGOCB2015.png?fit=567%2C142","width":567,"height":142},{"@type":"BreadcrumbList","@id":"https:\/\/www.comicbox.com\/index.php\/us-nous\/#breadcrumb","itemListElement":[{"@type":"ListItem","position":1,"name":"Accueil","item":"http:\/\/www.comicbox.com\/"},{"@type":"ListItem","position":2,"name":"A propos de Comic Box"}]},{"@type":"WebSite","@id":"http:\/\/www.comicbox.com\/#website","url":"http:\/\/www.comicbox.com\/","name":"","description":"le magazine des cultures comics","potentialAction":[{"@type":"SearchAction","target":{"@type":"EntryPoint","urlTemplate":"http:\/\/www.comicbox.com\/?s={search_term_string}"},"query-input":{"@type":"PropertyValueSpecification","valueRequired":true,"valueName":"search_term_string"}}],"inLanguage":"fr-FR"}]}},"jetpack_sharing_enabled":true,"jetpack_shortlink":"https:\/\/wp.me\/PvyAi-4","_links":{"self":[{"href":"http:\/\/www.comicbox.com\/index.php\/wp-json\/wp\/v2\/pages\/4","targetHints":{"allow":["GET"]}}],"collection":[{"href":"http:\/\/www.comicbox.com\/index.php\/wp-json\/wp\/v2\/pages"}],"about":[{"href":"http:\/\/www.comicbox.com\/index.php\/wp-json\/wp\/v2\/types\/page"}],"author":[{"embeddable":true,"href":"http:\/\/www.comicbox.com\/index.php\/wp-json\/wp\/v2\/users\/1"}],"replies":[{"embeddable":true,"href":"http:\/\/www.comicbox.com\/index.php\/wp-json\/wp\/v2\/comments?post=4"}],"version-history":[{"count":0,"href":"http:\/\/www.comicbox.com\/index.php\/wp-json\/wp\/v2\/pages\/4\/revisions"}],"wp:attachment":[{"href":"http:\/\/www.comicbox.com\/index.php\/wp-json\/wp\/v2\/media?parent=4"}],"curies":[{"name":"wp","href":"https:\/\/api.w.org\/{rel}","templated":true}]}}